{"id":15,"date":"2024-08-04T23:22:11","date_gmt":"2024-08-04T21:22:11","guid":{"rendered":"http:\/\/marieluisethaler.at\/?page_id=15"},"modified":"2025-10-26T11:23:07","modified_gmt":"2025-10-26T10:23:07","slug":"impressum","status":"publish","type":"page","link":"https:\/\/marieluisethaler.at\/en\/impressum\/","title":{"rendered":"Imprint"},"content":{"rendered":"<style>.elementor-15 .elementor-element.elementor-element-d59c94b{--display:flex;--flex-direction:column;--container-widget-width:100%;--container-widget-height:initial;--container-widget-flex-grow:0;--container-widget-align-self:initial;--flex-wrap-mobile:wrap;}.elementor-15 .elementor-element.elementor-element-04b68c4 img{width:30%;}.elementor-15 .elementor-element.elementor-element-09ea6d9{text-align:center;}.elementor-15 .elementor-element.elementor-element-09ea6d9 .elementor-heading-title{text-transform:uppercase;color:var( --e-global-color-3f98b9d );}.elementor-15 .elementor-element.elementor-element-21faab7{text-align:center;}:root{--page-title-display:none;}@media(max-width:767px){.elementor-15 .elementor-element.elementor-element-04b68c4 img{width:34%;}}<\/style>\t\t<div data-elementor-type=\"wp-page\" data-elementor-id=\"15\" class=\"elementor elementor-15\" data-elementor-post-type=\"page\">\n\t\t\t\t<div class=\"elementor-element elementor-element-d59c94b e-flex e-con-boxed wpr-particle-no wpr-jarallax-no wpr-parallax-no wpr-sticky-section-no wpr-equal-height-no e-con e-parent\" data-id=\"d59c94b\" data-element_type=\"container\" data-e-type=\"container\">\n\t\t\t\t\t<div class=\"e-con-inner\">\n\t\t\t\t<div class=\"elementor-element elementor-element-04b68c4 elementor-widget elementor-widget-theme-site-logo elementor-widget-image\" data-id=\"04b68c4\" data-element_type=\"widget\" data-e-type=\"widget\" data-widget_type=\"theme-site-logo.default\">\n\t\t\t\t<div class=\"elementor-widget-container\">\n\t\t\t\t\t\t\t\t\t\t\t<a href=\"https:\/\/marieluisethaler.at\/en\">\n\t\t\t<img fetchpriority=\"high\" decoding=\"async\" width=\"345\" height=\"353\" src=\"https:\/\/marieluisethaler.at\/wp-content\/uploads\/2024\/08\/Marie-Luise-e1724367135811.png\" class=\"attachment-full size-full wp-image-32\" alt=\"\" srcset=\"https:\/\/marieluisethaler.at\/wp-content\/uploads\/2024\/08\/Marie-Luise-e1724367135811.png 345w, https:\/\/marieluisethaler.at\/wp-content\/uploads\/2024\/08\/Marie-Luise-e1724367135811-293x300.png 293w\" sizes=\"(max-width: 345px) 100vw, 345px\" \/>\t\t\t\t<\/a>\n\t\t\t\t\t\t\t\t\t\t\t<\/div>\n\t\t\t\t<\/div>\n\t\t\t\t<div class=\"elementor-element elementor-element-09ea6d9 elementor-widget elementor-widget-heading\" data-id=\"09ea6d9\" data-element_type=\"widget\" data-e-type=\"widget\" data-widget_type=\"heading.default\">\n\t\t\t\t<div class=\"elementor-widget-container\">\n\t\t\t\t\t<h2 class=\"elementor-heading-title elementor-size-default\">Imprint<\/h2>\t\t\t\t<\/div>\n\t\t\t\t<\/div>\n\t\t\t\t<div class=\"elementor-element elementor-element-21faab7 elementor-widget elementor-widget-text-editor\" data-id=\"21faab7\" data-element_type=\"widget\" data-e-type=\"widget\" data-widget_type=\"text-editor.default\">\n\t\t\t\t<div class=\"elementor-widget-container\">\n\t\t\t\t\t\t\t\t\t<p><strong>Firmenwortlaut:<\/strong> Marie-Luise Thaler, e.U.\u00a0<\/p><p><b>Standort des Gewerbes: <\/b>Mariahilferstra\u00dfe 1, 8020 Graz<\/p><p>Steuernummer: 68747\/9170<\/p><p><b>Kontakt:<\/b><br \/>E-Mail: office@marieluisethaler.at<\/p><p>Telefon: +43 660\/622 10 80<\/p><p>Internet: www.marieluisethaler.at<\/p><p><b>Berufsbezeichnung \/ Unternehmensgegestand: <\/b>e.U. B\u00fcroservice, Werbeagentur<\/p><p><strong>Urheber<\/strong> &#8211; Verantwortlich f\u00fcr Design &amp; visuelle Inhalte der Website: <a href=\"https:\/\/digitalcreationleaders.at\/\">digitalcreationleaders.at\u00a0<\/a><\/p><p><strong>Fotografie:<\/strong> <a href=\"https:\/\/www.theportrait.club\/\">www.theportrait.club\/<\/a><\/p><p><b>UID: <\/b>ATU80593779<\/p><p><b>Verleihungsstaat:<\/b><br \/>Gewerbeberechtigung erlangen in Graz, \u00d6sterreich<\/p><p><b>Mitgliedschaften:<\/b>\u00a0Mitglied der WKO (\u00d6sterreich)<\/p><p><a href=\"https:\/\/www.ris.bka.gv.at\/\"><b>Gewerberechtliche Vorschriften:\u00a0<\/b>Gewerbeordnung unter www.ris.bka.gv.at<\/a><\/p><p><b>Zust\u00e4ndige Beh\u00f6rde:<\/b>\u00a0Magistrat der Stadt\u00a0Graz<\/p><p>Bilder &amp; Grafiken: Canva, Adobe<\/p><p><span style=\"text-decoration: underline;\"><a href=\"https:\/\/marieluisethaler.at\/en\/datenschutz\/\">Data protection<\/a><\/span><\/p>\t\t\t\t\t\t\t\t<\/div>\n\t\t\t\t<\/div>\n\t\t\t\t\t<\/div>\n\t\t\t\t<\/div>\n\t\t\t\t<\/div>","protected":false},"excerpt":{"rendered":"<p>Impressum Firmenwortlaut: Marie-Luise Thaler, e.U.\u00a0 Standort des Gewerbes: Mariahilferstra\u00dfe 1, 8020 Graz Steuernummer: 68747\/9170 Kontakt:E-Mail: office@marieluisethaler.at Telefon: +43 660\/622 10 80 Internet: www.marieluisethaler.at Berufsbezeichnung \/ Unternehmensgegestand: e.U. B\u00fcroservice, Werbeagentur Urheber &#8211; Verantwortlich f\u00fcr Design &amp; visuelle Inhalte der Website: digitalcreationleaders.at\u00a0 Fotografie: www.theportrait.club\/ UID: ATU80593779 Verleihungsstaat:Gewerbeberechtigung erlangen in Graz, \u00d6sterreich Mitgliedschaften:\u00a0Mitglied der WKO (\u00d6sterreich) Gewerberechtliche Vorschriften:\u00a0Gewerbeordnung unter www.ris.bka.gv.at Zust\u00e4ndige Beh\u00f6rde:\u00a0Magistrat der Stadt\u00a0Graz Bilder &amp; Grafiken: Canva, Adobe Datenschutz<\/p>","protected":false},"author":1,"featured_media":0,"parent":0,"menu_order":0,"comment_status":"closed","ping_status":"closed","template":"elementor_canvas","meta":{"footnotes":""},"class_list":["post-15","page","type-page","status-publish","hentry"],"yoast_head":"<!-- This site is optimized with the Yoast SEO plugin v27.4 - https:\/\/yoast.com\/product\/yoast-seo-wordpress\/ -->\n<title>Impressum - Marie-Luise Thaler - Business Support und BackOffice f\u00fcr Immobilien<\/title>\n<meta name=\"description\" content=\"Vielen Dank f\u00fcr die Interesse an meinem Unternehmen. Auf meiner Website findest du n\u00e4here Informationen dazu!\" \/>\n<meta name=\"robots\" content=\"noindex, nofollow\" \/>\n<meta property=\"og:locale\" content=\"en_GB\" \/>\n<meta property=\"og:type\" content=\"article\" \/>\n<meta property=\"og:title\" content=\"Impressum - Marie-Luise Thaler - Business Support und BackOffice f\u00fcr Immobilien\" \/>\n<meta property=\"og:description\" content=\"Vielen Dank f\u00fcr die Interesse an meinem Unternehmen. Auf meiner Website findest du n\u00e4here Informationen dazu!\" \/>\n<meta property=\"og:url\" content=\"https:\/\/marieluisethaler.at\/en\/impressum\/\" \/>\n<meta property=\"og:site_name\" content=\"Marie-Luise Thaler - Business Support und BackOffice f\u00fcr Immobilien\" \/>\n<meta property=\"article:modified_time\" content=\"2025-10-26T10:23:07+00:00\" \/>\n<meta name=\"twitter:card\" content=\"summary_large_image\" \/>\n<meta name=\"twitter:label1\" content=\"Estimated reading time\" \/>\n\t<meta name=\"twitter:data1\" content=\"1 minute\" \/>\n<script type=\"application\/ld+json\" class=\"yoast-schema-graph\">{\"@context\":\"https:\\\/\\\/schema.org\",\"@graph\":[{\"@type\":\"WebPage\",\"@id\":\"https:\\\/\\\/marieluisethaler.at\\\/impressum\\\/\",\"url\":\"https:\\\/\\\/marieluisethaler.at\\\/impressum\\\/\",\"name\":\"Impressum - Marie-Luise Thaler - Business Support und BackOffice f\u00fcr Immobilien\",\"isPartOf\":{\"@id\":\"https:\\\/\\\/marieluisethaler.at\\\/#website\"},\"datePublished\":\"2024-08-04T21:22:11+00:00\",\"dateModified\":\"2025-10-26T10:23:07+00:00\",\"description\":\"Vielen Dank f\u00fcr die Interesse an meinem Unternehmen. Auf meiner Website findest du n\u00e4here Informationen dazu!\",\"breadcrumb\":{\"@id\":\"https:\\\/\\\/marieluisethaler.at\\\/impressum\\\/#breadcrumb\"},\"inLanguage\":\"en-GB\",\"potentialAction\":[{\"@type\":\"ReadAction\",\"target\":[\"https:\\\/\\\/marieluisethaler.at\\\/impressum\\\/\"]}]},{\"@type\":\"BreadcrumbList\",\"@id\":\"https:\\\/\\\/marieluisethaler.at\\\/impressum\\\/#breadcrumb\",\"itemListElement\":[{\"@type\":\"ListItem\",\"position\":1,\"name\":\"Startseite\",\"item\":\"https:\\\/\\\/marieluisethaler.at\\\/\"},{\"@type\":\"ListItem\",\"position\":2,\"name\":\"Impressum\"}]},{\"@type\":\"WebSite\",\"@id\":\"https:\\\/\\\/marieluisethaler.at\\\/#website\",\"url\":\"https:\\\/\\\/marieluisethaler.at\\\/\",\"name\":\"Marie-Luise Thaler - Business Support und BackOffice f\u00fcr Immobilien\",\"description\":\"Real Estate Management. Virtuelle Assistenz f\u00fcr die Immobilienbranche. B\u00fcrodienstleistung.\",\"publisher\":{\"@id\":\"https:\\\/\\\/marieluisethaler.at\\\/#\\\/schema\\\/person\\\/21bbe1937169dbbb957646754df955e2\"},\"potentialAction\":[{\"@type\":\"SearchAction\",\"target\":{\"@type\":\"EntryPoint\",\"urlTemplate\":\"https:\\\/\\\/marieluisethaler.at\\\/?s={search_term_string}\"},\"query-input\":{\"@type\":\"PropertyValueSpecification\",\"valueRequired\":true,\"valueName\":\"search_term_string\"}}],\"inLanguage\":\"en-GB\"},{\"@type\":[\"Person\",\"Organization\"],\"@id\":\"https:\\\/\\\/marieluisethaler.at\\\/#\\\/schema\\\/person\\\/21bbe1937169dbbb957646754df955e2\",\"name\":\"Marie-luise\",\"image\":{\"@type\":\"ImageObject\",\"inLanguage\":\"en-GB\",\"@id\":\"https:\\\/\\\/marieluisethaler.at\\\/wp-content\\\/uploads\\\/2024\\\/08\\\/Marie-Luise-e1724367135811.png\",\"url\":\"https:\\\/\\\/marieluisethaler.at\\\/wp-content\\\/uploads\\\/2024\\\/08\\\/Marie-Luise-e1724367135811.png\",\"contentUrl\":\"https:\\\/\\\/marieluisethaler.at\\\/wp-content\\\/uploads\\\/2024\\\/08\\\/Marie-Luise-e1724367135811.png\",\"width\":345,\"height\":353,\"caption\":\"Marie-luise\"},\"logo\":{\"@id\":\"https:\\\/\\\/marieluisethaler.at\\\/wp-content\\\/uploads\\\/2024\\\/08\\\/Marie-Luise-e1724367135811.png\"},\"sameAs\":[\"http:\\\/\\\/marieluisethaler.at\"]}]}<\/script>\n<!-- \/ Yoast SEO plugin. -->","yoast_head_json":{"title":"Impressum - Marie-Luise Thaler - Business Support und BackOffice f\u00fcr Immobilien","description":"Vielen Dank f\u00fcr die Interesse an meinem Unternehmen. Auf meiner Website findest du n\u00e4here Informationen dazu!","robots":{"index":"noindex","follow":"nofollow"},"og_locale":"en_GB","og_type":"article","og_title":"Impressum - Marie-Luise Thaler - Business Support und BackOffice f\u00fcr Immobilien","og_description":"Vielen Dank f\u00fcr die Interesse an meinem Unternehmen. Auf meiner Website findest du n\u00e4here Informationen dazu!","og_url":"https:\/\/marieluisethaler.at\/en\/impressum\/","og_site_name":"Marie-Luise Thaler - Business Support und BackOffice f\u00fcr Immobilien","article_modified_time":"2025-10-26T10:23:07+00:00","twitter_card":"summary_large_image","twitter_misc":{"Estimated reading time":"1 minute"},"schema":{"@context":"https:\/\/schema.org","@graph":[{"@type":"WebPage","@id":"https:\/\/marieluisethaler.at\/impressum\/","url":"https:\/\/marieluisethaler.at\/impressum\/","name":"Impressum - Marie-Luise Thaler - Business Support und BackOffice f\u00fcr Immobilien","isPartOf":{"@id":"https:\/\/marieluisethaler.at\/#website"},"datePublished":"2024-08-04T21:22:11+00:00","dateModified":"2025-10-26T10:23:07+00:00","description":"Vielen Dank f\u00fcr die Interesse an meinem Unternehmen. Auf meiner Website findest du n\u00e4here Informationen dazu!","breadcrumb":{"@id":"https:\/\/marieluisethaler.at\/impressum\/#breadcrumb"},"inLanguage":"en-GB","potentialAction":[{"@type":"ReadAction","target":["https:\/\/marieluisethaler.at\/impressum\/"]}]},{"@type":"BreadcrumbList","@id":"https:\/\/marieluisethaler.at\/impressum\/#breadcrumb","itemListElement":[{"@type":"ListItem","position":1,"name":"Startseite","item":"https:\/\/marieluisethaler.at\/"},{"@type":"ListItem","position":2,"name":"Impressum"}]},{"@type":"WebSite","@id":"https:\/\/marieluisethaler.at\/#website","url":"https:\/\/marieluisethaler.at\/","name":"Marie-Luise Thaler - Business Support und BackOffice f\u00fcr Immobilien","description":"Real Estate Management. Virtuelle Assistenz f\u00fcr die Immobilienbranche. B\u00fcrodienstleistung.","publisher":{"@id":"https:\/\/marieluisethaler.at\/#\/schema\/person\/21bbe1937169dbbb957646754df955e2"},"potentialAction":[{"@type":"SearchAction","target":{"@type":"EntryPoint","urlTemplate":"https:\/\/marieluisethaler.at\/?s={search_term_string}"},"query-input":{"@type":"PropertyValueSpecification","valueRequired":true,"valueName":"search_term_string"}}],"inLanguage":"en-GB"},{"@type":["Person","Organization"],"@id":"https:\/\/marieluisethaler.at\/#\/schema\/person\/21bbe1937169dbbb957646754df955e2","name":"Marie-luise","image":{"@type":"ImageObject","inLanguage":"en-GB","@id":"https:\/\/marieluisethaler.at\/wp-content\/uploads\/2024\/08\/Marie-Luise-e1724367135811.png","url":"https:\/\/marieluisethaler.at\/wp-content\/uploads\/2024\/08\/Marie-Luise-e1724367135811.png","contentUrl":"https:\/\/marieluisethaler.at\/wp-content\/uploads\/2024\/08\/Marie-Luise-e1724367135811.png","width":345,"height":353,"caption":"Marie-luise"},"logo":{"@id":"https:\/\/marieluisethaler.at\/wp-content\/uploads\/2024\/08\/Marie-Luise-e1724367135811.png"},"sameAs":["http:\/\/marieluisethaler.at"]}]}},"_links":{"self":[{"href":"https:\/\/marieluisethaler.at\/en\/wp-json\/wp\/v2\/pages\/15","targetHints":{"allow":["GET"]}}],"collection":[{"href":"https:\/\/marieluisethaler.at\/en\/wp-json\/wp\/v2\/pages"}],"about":[{"href":"https:\/\/marieluisethaler.at\/en\/wp-json\/wp\/v2\/types\/page"}],"author":[{"embeddable":true,"href":"https:\/\/marieluisethaler.at\/en\/wp-json\/wp\/v2\/users\/1"}],"replies":[{"embeddable":true,"href":"https:\/\/marieluisethaler.at\/en\/wp-json\/wp\/v2\/comments?post=15"}],"version-history":[{"count":0,"href":"https:\/\/marieluisethaler.at\/en\/wp-json\/wp\/v2\/pages\/15\/revisions"}],"wp:attachment":[{"href":"https:\/\/marieluisethaler.at\/en\/wp-json\/wp\/v2\/media?parent=15"}],"curies":[{"name":"wp","href":"https:\/\/api.w.org\/{rel}","templated":true}]}}